{"id":2,"date":"2023-09-16T15:14:10","date_gmt":"2023-09-16T15:14:10","guid":{"rendered":"https:\/\/samratcliffe.net\/?page_id=2"},"modified":"2025-05-10T08:23:27","modified_gmt":"2025-05-10T08:23:27","slug":"sample-page","status":"publish","type":"page","link":"https:\/\/samratcliffe.net\/fr\/","title":{"rendered":"Website under construction"},"content":{"rendered":"<div class=\"wpb-content-wrapper\"><div class=\"vc_row wpb_row vc_row-fluid vc_custom_1746778284252 vc_row-has-fill vc_row-o-full-height vc_row-o-columns-top vc_row-o-equal-height vc_row-flex\"><div class=\"wpb_column vc_column_container vc_col-sm-12\"><div class=\"vc_column-inner\"><div class=\"wpb_wrapper\">\n\t<div class=\"wpb_raw_code wpb_raw_html wpb_content_element\" >\n\t\t<div class=\"wpb_wrapper\">\n\t\t\t<html>\n<head>\n<style>\n.newspaper {\n  column-count: 2;\n}\n@media only screen and (max-width: 780px) {\n.newspaper {\n  column-count: 1;\n}\n}\n<\/style>\n<\/head>\n<body>\n<div class=\"newspaper\">\n<p>Sam Ratcliffe est un artiste pluridisciplinaire travaillant principalement dans la peinture, la gravure et l\u2019illustration. Originaire de Stoke-on-Trent, au Royaume-Uni, il a \u00e9tudi\u00e9 les arts visuels \u00e0 la Norwich University of the Arts, se sp\u00e9cialisant dans la gravure \u00e0 l\u2019eau-forte et d'autres techniques d\u2019impression, avant d\u2019obtenir un dipl\u00f4me de troisi\u00e8me cycle en philosophie \u00e0 l\u2019Universit\u00e9 du Sussex. Il vit et travaille d\u00e9sormais \u00e0 Clisson, en France.<\/p>\n<p>Au d\u00e9but de sa carri\u00e8re, il a collabor\u00e9 avec le po\u00e8te Luke Wright et le groupe de po\u00e9sie Aisle 16, pour lesquels il a r\u00e9alis\u00e9 des illustrations pour des livres et des performances en direct. Son travail a \u00e9t\u00e9 expos\u00e9 \u00e0 travers le Royaume-Uni, notamment aux Mall Galleries, chez Mother Agency, et \u00e0 MuTate Britain, et a largement accompagn\u00e9 les tourn\u00e9es nationales de Wright.<\/p>\n<p>En 2011, il a fond\u00e9 Achromat Gallery \u00e0 Brighton\u2014un espace ind\u00e9pendant install\u00e9 dans une ancienne \u00e9curie\u2014o\u00f9 il a organis\u00e9 des expositions collectives et des soir\u00e9es de vid\u00e9o-art soutenant des artistes \u00e9mergents.<\/p>\n<p>Apr\u00e8s s\u2019\u00eatre install\u00e9 \u00e0 Berlin, Ratcliffe a recentr\u00e9 sa pratique sur la musique et la vid\u00e9o, fondant le label Wicked Hag. Tout en poursuivant son travail d\u2019illustration, cette p\u00e9riode a \u00e9t\u00e9 marqu\u00e9e par une exploration du son, de la performance et de l\u2019image en mouvement, en collaboration avec d\u2019autres artistes du label.<\/p>\n<p>Depuis son installation en France en 2023, Ratcliffe se consacre \u00e0 la peinture \u00e0 l\u2019huile, d\u00e9veloppant trois nouvelles s\u00e9ries dans le but d\u2019exposer plus tard cette ann\u00e9e. Il continue \u00e9galement de composer et produire de la musique \u00e9lectronique.<\/p>\n<p>Pour toutes demandes, envoyez un e-mail \u00e0 samratcliffe@fastmail.net.<\/p>\n<\/div>\n\n<\/body>\n<\/html>\n\t\t<\/div>\n\t<\/div>\n<\/div><\/div><\/div><\/div><!-- Row Backgrounds --><div class=\"upb_bg_img\" data-ultimate-bg=\"url(https:\/\/samratcliffe.net\/wp-content\/uploads\/2025\/05\/maddermarket-web-3-scaled.jpg)\" data-image-id=\"37\" data-ultimate-bg-style=\"vcpb-default\" data-bg-img-repeat=\"repeat\" data-bg-img-size=\"cover\" data-bg-img-position=\"\" data-parallx_sense=\"30\" data-bg-override=\"full\" data-bg_img_attach=\"scroll\" data-upb-overlay-color=\"\" data-upb-bg-animation=\"\" data-fadeout=\"\" data-bg-animation=\"left-animation\" data-bg-animation-type=\"h\" data-animation-repeat=\"repeat\" data-fadeout-percentage=\"30\" data-parallax-content=\"\" data-parallax-content-sense=\"30\" data-row-effect-mobile-disable=\"true\" data-img-parallax-mobile-disable=\"true\" data-rtl=\"false\"  data-custom-vc-row=\"\"  data-vc=\"8.3.1\"  data-is_old_vc=\"\"  data-theme-support=\"\"   data-overlay=\"false\" data-overlay-color=\"\" data-overlay-pattern=\"\" data-overlay-pattern-opacity=\"\" data-overlay-pattern-size=\"\"    ><\/div>\n<\/div>","protected":false},"excerpt":{"rendered":"Sam Ratcliffe is an interdisciplinary artist working primarily in painting, printmaking, and illustration. Originally from Stoke-on-Trent in the UK, he studied Visual Studies at Norwich University of the Arts, specialising in etching and other printmaking techniques, and later completed a postgraduate diploma in Philosophy at Sussex University. He now lives and works in Clisson, France. [...]","protected":false},"author":1,"featured_media":37,"parent":0,"menu_order":0,"comment_status":"closed","ping_status":"open","template":"template-home.php","meta":{"footnotes":""},"class_list":["post-2","page","type-page","status-publish","has-post-thumbnail","hentry"],"_links":{"self":[{"href":"https:\/\/samratcliffe.net\/fr\/wp-json\/wp\/v2\/pages\/2","targetHints":{"allow":["GET"]}}],"collection":[{"href":"https:\/\/samratcliffe.net\/fr\/wp-json\/wp\/v2\/pages"}],"about":[{"href":"https:\/\/samratcliffe.net\/fr\/wp-json\/wp\/v2\/types\/page"}],"author":[{"embeddable":true,"href":"https:\/\/samratcliffe.net\/fr\/wp-json\/wp\/v2\/users\/1"}],"replies":[{"embeddable":true,"href":"https:\/\/samratcliffe.net\/fr\/wp-json\/wp\/v2\/comments?post=2"}],"version-history":[{"count":26,"href":"https:\/\/samratcliffe.net\/fr\/wp-json\/wp\/v2\/pages\/2\/revisions"}],"predecessor-version":[{"id":66,"href":"https:\/\/samratcliffe.net\/fr\/wp-json\/wp\/v2\/pages\/2\/revisions\/66"}],"wp:featuredmedia":[{"embeddable":true,"href":"https:\/\/samratcliffe.net\/fr\/wp-json\/wp\/v2\/media\/37"}],"wp:attachment":[{"href":"https:\/\/samratcliffe.net\/fr\/wp-json\/wp\/v2\/media?parent=2"}],"curies":[{"name":"wp","href":"https:\/\/api.w.org\/{rel}","templated":true}]}}